{"id":102,"date":"2016-02-05T11:48:40","date_gmt":"2016-02-05T10:48:40","guid":{"rendered":"http:\/\/www.resomaq.es\/wp\/?page_id=102"},"modified":"2016-03-23T17:04:38","modified_gmt":"2016-03-23T16:04:38","slug":"lincoln-electric","status":"publish","type":"page","link":"https:\/\/www.resomaq.es\/wp\/lincoln-electric\/","title":{"rendered":"Lincoln Electric"},"content":{"rendered":"<div class=\"responsive-tabs\">\n<h2 class=\"tabtitle\">Maquinaria<\/h2>\n<div class=\"tabcontent\">\n\n<table class=\" aligncenter\" style=\"width: 100%; border-collapse: separate;\">\n<tbody>\n<tr>\n<td style=\"width: 15%; text-align: center;\"><img loading=\"lazy\" decoding=\"async\" class=\"wp-image-108 size-thumbnail aligncenter\" src=\"https:\/\/www.resomaq.es\/wp\/wp-content\/uploads\/2016\/02\/le_maqui1-150x150.png\" alt=\"lincoln electric\" width=\"150\" height=\"150\" srcset=\"https:\/\/www.resomaq.es\/wp\/wp-content\/uploads\/2016\/02\/le_maqui1-150x150.png 150w, https:\/\/www.resomaq.es\/wp\/wp-content\/uploads\/2016\/02\/le_maqui1-60x60.png 60w\" sizes=\"(max-width: 150px) 100vw, 150px\" \/><\/td>\n<td style=\"width: 35%; text-align: center;\">Compactas MIG<\/td>\n<td style=\"width: 15%; text-align: center;\"><img loading=\"lazy\" decoding=\"async\" class=\"size-thumbnail wp-image-109 aligncenter\" src=\"https:\/\/www.resomaq.es\/wp\/wp-content\/uploads\/2016\/02\/le_maqui2-150x150.png\" alt=\"lincoln electric\" width=\"150\" height=\"150\" srcset=\"https:\/\/www.resomaq.es\/wp\/wp-content\/uploads\/2016\/02\/le_maqui2-150x150.png 150w, https:\/\/www.resomaq.es\/wp\/wp-content\/uploads\/2016\/02\/le_maqui2-60x60.png 60w\" sizes=\"(max-width: 150px) 100vw, 150px\" \/><\/td>\n<td style=\"width: 35%; text-align: center;\">Equipos para electrodos manuales<\/td>\n<\/tr>\n<\/tbody>\n<\/table>\n<hr \/>\n<table class=\" aligncenter\" style=\"width: 100%; border-collapse: separate;\">\n<tbody>\n<tr>\n<td style=\"width: 15%; text-align: center;\"><img loading=\"lazy\" decoding=\"async\" class=\"size-full wp-image-110 aligncenter\" src=\"https:\/\/www.resomaq.es\/wp\/wp-content\/uploads\/2016\/02\/le_maqui3-e1454607623778.png\" alt=\"lincoln electric\" width=\"99\" height=\"150\" \/><\/td>\n<td style=\"width: 35%; text-align: center;\">\u00a0Fuentes de corrientes MIG<\/td>\n<td style=\"width: 15%; text-align: center;\"><img loading=\"lazy\" decoding=\"async\" class=\"size-thumbnail wp-image-111 aligncenter\" src=\"https:\/\/www.resomaq.es\/wp\/wp-content\/uploads\/2016\/02\/le_maqui4-150x150.png\" alt=\"lincoln electric\" width=\"150\" height=\"150\" srcset=\"https:\/\/www.resomaq.es\/wp\/wp-content\/uploads\/2016\/02\/le_maqui4-150x150.png 150w, https:\/\/www.resomaq.es\/wp\/wp-content\/uploads\/2016\/02\/le_maqui4-60x60.png 60w\" sizes=\"(max-width: 150px) 100vw, 150px\" \/><\/td>\n<td style=\"width: 35%; text-align: center;\">\u00a0Devanadores Semiautom\u00e1ticos<\/td>\n<\/tr>\n<\/tbody>\n<\/table>\n<hr \/>\n<table class=\" aligncenter\" style=\"width: 100%; border-collapse: separate;\">\n<tbody>\n<tr>\n<td style=\"width: 15%; text-align: center;\"><img loading=\"lazy\" decoding=\"async\" class=\"size-thumbnail wp-image-112 aligncenter\" src=\"https:\/\/www.resomaq.es\/wp\/wp-content\/uploads\/2016\/02\/le_maqui5-150x150.png\" alt=\"lincoln electric\" width=\"150\" height=\"150\" srcset=\"https:\/\/www.resomaq.es\/wp\/wp-content\/uploads\/2016\/02\/le_maqui5-150x150.png 150w, https:\/\/www.resomaq.es\/wp\/wp-content\/uploads\/2016\/02\/le_maqui5-60x60.png 60w\" sizes=\"(max-width: 150px) 100vw, 150px\" \/><\/td>\n<td style=\"width: 35%; text-align: center;\">\u00a0Equipos MIG<\/td>\n<td style=\"width: 15%; text-align: center;\"><img loading=\"lazy\" decoding=\"async\" class=\"size-thumbnail wp-image-113 aligncenter\" src=\"https:\/\/www.resomaq.es\/wp\/wp-content\/uploads\/2016\/02\/le_maqui6-150x150.png\" alt=\"lincoln electric\" width=\"150\" height=\"150\" srcset=\"https:\/\/www.resomaq.es\/wp\/wp-content\/uploads\/2016\/02\/le_maqui6-150x150.png 150w, https:\/\/www.resomaq.es\/wp\/wp-content\/uploads\/2016\/02\/le_maqui6-60x60.png 60w\" sizes=\"(max-width: 150px) 100vw, 150px\" \/><\/td>\n<td style=\"width: 35%; text-align: center;\">Equipos para TIG<\/td>\n<\/tr>\n<\/tbody>\n<\/table>\n<hr \/>\n<table class=\" aligncenter\" style=\"width: 100%; border-collapse: separate;\">\n<tbody>\n<tr>\n<td style=\"width: 15%; text-align: center;\"><img loading=\"lazy\" decoding=\"async\" class=\"size-thumbnail wp-image-112 aligncenter\" src=\"https:\/\/www.resomaq.es\/wp\/wp-content\/uploads\/2016\/02\/le_maqui7-150x150.png\" alt=\"lincoln electric\" width=\"120\" height=\"150\" \/><\/td>\n<td style=\"width: 35%; text-align: center;\">Fuentes de corriente Sub-Arc<\/td>\n<td style=\"width: 15%; text-align: center;\"><img loading=\"lazy\" decoding=\"async\" class=\"alignnone wp-image-115 size-thumbnail\" src=\"https:\/\/www.resomaq.es\/wp\/wp-content\/uploads\/2016\/02\/le_maqui8-150x150.png\" alt=\"\" width=\"150\" height=\"150\" srcset=\"https:\/\/www.resomaq.es\/wp\/wp-content\/uploads\/2016\/02\/le_maqui8-150x150.png 150w, https:\/\/www.resomaq.es\/wp\/wp-content\/uploads\/2016\/02\/le_maqui8-60x60.png 60w\" sizes=\"(max-width: 150px) 100vw, 150px\" \/><\/td>\n<td style=\"width: 35%; text-align: center;\">Sistemas de corte por plasma<\/td>\n<\/tr>\n<\/tbody>\n<\/table>\n<hr \/>\n<table class=\" aligncenter\" style=\"width: 100%; border-collapse: separate;\">\n<tbody>\n<tr>\n<td style=\"width: 15%; text-align: center;\"><img loading=\"lazy\" decoding=\"async\" class=\"aligncenter wp-image-116 size-full\" src=\"https:\/\/www.resomaq.es\/wp\/wp-content\/uploads\/2016\/02\/le_maqui9-e1454607875832.png\" alt=\"lincoln electric\" width=\"123\" height=\"150\" \/><\/td>\n<td style=\"width: 35%; text-align: center;\">STT \/ Pulse<\/td>\n<td style=\"width: 15%; text-align: center;\"><img loading=\"lazy\" decoding=\"async\" class=\"size-thumbnail wp-image-117 aligncenter\" src=\"https:\/\/www.resomaq.es\/wp\/wp-content\/uploads\/2016\/02\/le_maqui10-150x150.png\" alt=\"lincoln electric\" width=\"150\" height=\"150\" srcset=\"https:\/\/www.resomaq.es\/wp\/wp-content\/uploads\/2016\/02\/le_maqui10-150x150.png 150w, https:\/\/www.resomaq.es\/wp\/wp-content\/uploads\/2016\/02\/le_maqui10-60x60.png 60w\" sizes=\"(max-width: 150px) 100vw, 150px\" \/><\/td>\n<td style=\"width: 35%; text-align: center;\">Generadores<\/td>\n<\/tr>\n<\/tbody>\n<\/table>\n<hr \/>\n<table class=\" aligncenter\" style=\"width: 100%; border-collapse: separate;\">\n<tbody>\n<tr>\n<td style=\"width: 15%; text-align: center;\"><img loading=\"lazy\" decoding=\"async\" class=\"alignnone wp-image-118 size-full\" src=\"https:\/\/www.resomaq.es\/wp\/wp-content\/uploads\/2016\/02\/le_maqui11-e1454607924786.png\" alt=\"\" width=\"132\" height=\"150\" \/><\/td>\n<td style=\"width: 35%; text-align: center;\">Devanadores de Arco sumergido<\/td>\n<td style=\"width: 15%; text-align: center;\"><img loading=\"lazy\" decoding=\"async\" class=\"size-thumbnail wp-image-117 aligncenter\" src=\"https:\/\/www.resomaq.es\/wp\/wp-content\/uploads\/2016\/02\/le_maqui12-150x150.png\" alt=\"lincoln electric\" width=\"150\" height=\"150\" \/><\/td>\n<td style=\"width: 35%; text-align: center;\">Extracci\u00f3n de humo<\/td>\n<\/tr>\n<\/tbody>\n<\/table>\n<hr \/>\n<p>M\u00e1s informaci\u00f3n en\u00a0<a class=\"enlace_mail\" href=\"http:\/\/www.lincolnelectric.com\/es-es\/Pages\/default.aspx?locale=1034\">www.lincolnelectric.com<\/a>\u00a0o escr\u00edbanos a <a class=\"enlace_mail\" href=\"mailto:resomaq@resomaq.es?subject=Lincoln Electric\">resomaq@resomaq.es<\/a><\/p>\n\n<\/div><h2 class=\"tabtitle\">Consumibles<\/h2>\n<div class=\"tabcontent\">\n\n<table style=\"width: 100%;\">\n<tbody>\n<tr>\n<th colspan=\"2\"><img loading=\"lazy\" decoding=\"async\" class=\"wp-image-139 size-full aligncenter\" src=\"https:\/\/www.resomaq.es\/wp\/wp-content\/uploads\/2016\/02\/consu.png\" alt=\"\" width=\"749\" height=\"450\" srcset=\"https:\/\/www.resomaq.es\/wp\/wp-content\/uploads\/2016\/02\/consu.png 749w, https:\/\/www.resomaq.es\/wp\/wp-content\/uploads\/2016\/02\/consu-300x180.png 300w\" sizes=\"(max-width: 749px) 100vw, 749px\" \/><\/th>\n<\/tr>\n<tr>\n<td style=\"width: 50%; vertical-align: text-top;\">\n<ul>\n<li>Electrodos &#8211; Aceros al carbono y aceros de baja aleaci\u00f3n.<\/li>\n<li>Electrodos &#8211; Aceros alta aleaci\u00f3n CrNiMo &#8211; Aceros inoxidables.<\/li>\n<li>Electrodos &#8211; Base N\u00edquel.<\/li>\n<li>Electrodos de Cobre y aleaciones.<\/li>\n<li>Electrodos de Aluminio y aleaciones.<\/li>\n<\/ul>\n<\/td>\n<td style=\"width: 50%; vertical-align: text-top;\">\n<ul>\n<li>Electrodos de recargue.<\/li>\n<li>Varillas.<\/li>\n<li>Alambres.<\/li>\n<li>Etc.<\/li>\n<\/ul>\n<\/td>\n<\/tr>\n<\/tbody>\n<\/table>\n<p>M\u00e1s informaci\u00f3n en <a class=\"enlace_mail\" href=\"http:\/\/www.lincolnelectric.com\/es-es\/Pages\/default.aspx?locale=1034\">www.lincolnelectric.com<\/a>\u00a0o escr\u00edbanos a <a class=\"enlace_mail\" href=\"mailto:resomaq@resomaq.es?subject=Lincoln Electric\">resomaq@resomaq.es<\/a><\/p>\n\n<\/div><h2 class=\"tabtitle\">Harris<\/h2>\n<div class=\"tabcontent\">\n\n<table style=\"width: 100%;\">\n<tbody>\n<tr>\n<td style=\"width: 75%; text-align: center;\">\n<p style=\"text-align: left;\">Disponemos de:<\/p>\n<ul>\n<li style=\"text-align: left;\">Sopletes industriales para corte.<\/li>\n<li style=\"text-align: left;\">Sopletes corte Oxiacetileno.<\/li>\n<li style=\"text-align: left;\">Lanzas Oxiacetileno.<\/li>\n<li style=\"text-align: left;\">Boquillas Oxiacetileno.<\/li>\n<li style=\"text-align: left;\">Sopletes para corte Oxipropano.<\/li>\n<li style=\"text-align: left;\">Lanzas Oxipropano.<\/li>\n<li style=\"text-align: left;\">Boquillas Oxiacetileno.<\/li>\n<li style=\"text-align: left;\">Sopletes para mesas de corte \u201cM\u00e1quinas Autom\u00e1ticas\u201d.<\/li>\n<li style=\"text-align: left;\">Reguladores, Accesorios, consumibles\u2026<\/li>\n<\/ul>\n<\/td>\n<td style=\"width: 25%; text-align: top;\"><img loading=\"lazy\" decoding=\"async\" class=\"alignnone size-full wp-image-144\" src=\"https:\/\/www.resomaq.es\/wp\/wp-content\/uploads\/2016\/02\/harris.png\" alt=\"harris\" width=\"200\" height=\"100\" \/><\/td>\n<\/tr>\n<\/tbody>\n<\/table>\n<table style=\"width: 100%;\">\n<tbody>\n<tr>\n<td style=\"width: 30%; text-align: center;\"><img loading=\"lazy\" decoding=\"async\" class=\"alignnone size-full wp-image-146\" src=\"https:\/\/www.resomaq.es\/wp\/wp-content\/uploads\/2016\/02\/soplete2-e1454666498448.png\" alt=\"soplete2\" width=\"300\" height=\"253\" \/><\/td>\n<td style=\"width: 35%; text-align: center;\"><img loading=\"lazy\" decoding=\"async\" class=\"alignnone size-medium wp-image-147\" src=\"https:\/\/www.resomaq.es\/wp\/wp-content\/uploads\/2016\/02\/soplete3-300x119.png\" alt=\"soplete harris\" width=\"300\" height=\"119\" srcset=\"https:\/\/www.resomaq.es\/wp\/wp-content\/uploads\/2016\/02\/soplete3-300x119.png 300w, https:\/\/www.resomaq.es\/wp\/wp-content\/uploads\/2016\/02\/soplete3.png 500w\" sizes=\"(max-width: 300px) 100vw, 300px\" \/><\/td>\n<td style=\"width: 35%; text-align: center;\"><img loading=\"lazy\" decoding=\"async\" class=\"alignnone size-full wp-image-145\" src=\"https:\/\/www.resomaq.es\/wp\/wp-content\/uploads\/2016\/02\/soplete1-e1454666577818.png\" alt=\"soplete1\" width=\"218\" height=\"253\" \/><\/td>\n<\/tr>\n<\/tbody>\n<\/table>\n<p>M\u00e1s informaci\u00f3n en <a class=\"enlace_mail\" href=\"http:\/\/www.lincolnelectric.com\/es-es\/Pages\/default.aspx?locale=1034\">www.lincolnelectric.com<\/a> o escr\u00edbanos a <a class=\"enlace_mail\" href=\"mailto:resomaq@resomaq.es?subject=Lincoln Electric\">resomaq@resomaq.es<\/a><\/p>\n<\/div><\/div>\n","protected":false},"excerpt":{"rendered":"<p>Compactas MIG Equipos para electrodos manuales \u00a0Fuentes de corrientes MIG \u00a0Devanadores Semiautom\u00e1ticos \u00a0Equipos MIG Equipos para TIG Fuentes de corriente Sub-Arc Sistemas de corte por plasma STT \/ Pulse Generadores Devanadores de Arco sumergido Extracci\u00f3n de humo M\u00e1s informaci\u00f3n en\u00a0www.lincolnelectric.com\u00a0o escr\u00edbanos a resomaq@resomaq.es Electrodos &#8211; Aceros al carbono y aceros de baja aleaci\u00f3n. Electrodos &#8211; <a class=\"more-link\" href=\"https:\/\/www.resomaq.es\/wp\/lincoln-electric\/\">Seguir leyendo <i class=\"fa fa-chevron-right\"><\/i><\/a><\/p>\n","protected":false},"author":1,"featured_media":0,"parent":0,"menu_order":0,"comment_status":"closed","ping_status":"closed","template":"page-fullwidth.php","meta":{"footnotes":""},"_links":{"self":[{"href":"https:\/\/www.resomaq.es\/wp\/wp-json\/wp\/v2\/pages\/102"}],"collection":[{"href":"https:\/\/www.resomaq.es\/wp\/wp-json\/wp\/v2\/pages"}],"about":[{"href":"https:\/\/www.resomaq.es\/wp\/wp-json\/wp\/v2\/types\/page"}],"author":[{"embeddable":true,"href":"https:\/\/www.resomaq.es\/wp\/wp-json\/wp\/v2\/users\/1"}],"replies":[{"embeddable":true,"href":"https:\/\/www.resomaq.es\/wp\/wp-json\/wp\/v2\/comments?post=102"}],"version-history":[{"count":37,"href":"https:\/\/www.resomaq.es\/wp\/wp-json\/wp\/v2\/pages\/102\/revisions"}],"predecessor-version":[{"id":754,"href":"https:\/\/www.resomaq.es\/wp\/wp-json\/wp\/v2\/pages\/102\/revisions\/754"}],"wp:attachment":[{"href":"https:\/\/www.resomaq.es\/wp\/wp-json\/wp\/v2\/media?parent=102"}],"curies":[{"name":"wp","href":"https:\/\/api.w.org\/{rel}","templated":true}]}}